{"id":4,"date":"2014-09-15T10:03:39","date_gmt":"2014-09-15T10:03:39","guid":{"rendered":"http:\/\/cme.santarosa.rs.gov.br\/?page_id=4"},"modified":"2014-09-15T13:02:54","modified_gmt":"2014-09-15T13:02:54","slug":"apresentacao","status":"publish","type":"page","link":"https:\/\/cme.santarosa.rs.gov.br\/","title":{"rendered":"Apresenta\u00e7\u00e3o"},"content":{"rendered":"<p>O Conselho Municipal de Educa\u00e7\u00e3o de Santa Rosa ( CME &#8211; SR ), restruturado pela Lei Municipal n\u00b0\u00a04.530, de 20 de maio de\u00a02009, \u00e9 \u00f3rg\u00e3o pol\u00edtico e administrativo, de car\u00e1ter deliberativo ,\u00a0 normativo, consultivo, fiscalizador, acerca dos temas que forem\u00a0de sua compet\u00eancia.<\/p>\n<p>O Conselho Municipal de Educa\u00e7\u00e3o \u00e9 um mecanismo de media\u00e7\u00e3o entre a sociedade e o poder p\u00fablico. \u00c9 o espa\u00e7o de participa\u00e7\u00e3o e democratiza\u00e7\u00e3o da gest\u00e3o, sendo principalmente \u00f3rg\u00e3o de mobiliza\u00e7\u00e3o e participa\u00e7\u00e3o da sociedade, buscando melhores resultados na gest\u00e3o p\u00fablica, quando a popula\u00e7\u00e3o pode decidir ou, ao menos, opinar e fiscalizar. O Conselho Constitui-se instrumento de a\u00e7\u00e3o social, atendendo demanda da sociedade quanto \u00e0 transpar\u00eancia no uso de recursos e \u00e0 qualifica\u00e7\u00e3o dos servi\u00e7os p\u00fablicos. A sociedade representada no Conselho torna-se vigilante na defesa do direito de todos \u00e0 educa\u00e7\u00e3o de qualidade.<\/p>\n<p>Fun\u00e7\u00f5es do CME:<\/p>\n<p><strong>Consultiva<\/strong>-Responder consultas sobre quest\u00f5es que lhe s\u00e3o submetidas pelas escolas, SME, C\u00e2mara de Vereadores e outras entidades representativas da comunidade.<\/p>\n<p><strong>Propositiva<\/strong>-Quando toma a iniciativa. Emite opini\u00e3o, sugest\u00f5es, participa das discuss\u00f5es e da defini\u00e7\u00e3o das pol\u00edticas e do planejamento educacional.<\/p>\n<p><strong>Mobilizadora<\/strong>-Quando estimula a participa\u00e7\u00e3o da sociedade para acompanhar, fiscalizar, busca defender seus interesses. Articula-se com os outros colegiados em busca do bem comum. Na fun\u00e7\u00e3o mobilizadora, o Conselho decidir\u00e1 sobre a forma de relacionamento com a sociedade,para mant\u00ea-la informada e atuante em rela\u00e7\u00e3o \u00e0s quest\u00f5es educacionais do munic\u00edpio.<\/p>\n<p><strong>Deliberativa-<\/strong>Quando decide sobre determinada quest\u00e3o ou mat\u00e9ria sobre a qual tem poder de decis\u00e3o.<\/p>\n<p><strong>Normativa<\/strong>-Essa fun\u00e7\u00e3o \u00e9 restrita aos conselhos quando \u00f3rg\u00e3os normativos do Sistema de Ensino, no caso de Santa Rosa. Compete ao munic\u00edpio baixar normas complementares para o seu sistema de ensino, por isso o CME vai interpretar a legisla\u00e7\u00e3o, deliberando como deve funcionar a educa\u00e7\u00e3o, normatizando seu funcionamento, nos n\u00edveis e modalidades da educa\u00e7\u00e3o b\u00e1sica.<\/p>\n<p><strong>Acompanhamento e controle social e fiscalizadora<\/strong>-Referem-se ao acompanhamento da execu\u00e7\u00e3o das pol\u00edticas p\u00fablicas e \u00e0 verifica\u00e7\u00e3o do cumprimento da legisla\u00e7\u00e3o, podendo inclusive aplicar san\u00e7\u00f5es \u00e0s institui\u00e7\u00f5es ou pessoas f\u00edsicas que descumpram a Lei ou as normas. No exerc\u00edcio da fun\u00e7\u00e3o de controle, constatada irregularidade ou descumprimento da legisla\u00e7\u00e3o, o Conselho poder\u00e1 pronunciar-se, solicitando esclarecimento dos respons\u00e1veis, ou denunciando aos \u00f3rg\u00e3os fiscalizadores, como a C\u00e2mara Municipal de Vereadores, o Tribunal de Contas, ou ao Minist\u00e9rio P\u00fablico.<\/p>\n","protected":false},"excerpt":{"rendered":"<p>O Conselho Municipal de Educa\u00e7\u00e3o de Santa Rosa ( CME &#8211; SR ), restruturado pela Lei Municipal n\u00b0\u00a04.530, de 20 de maio de\u00a02009, \u00e9 \u00f3rg\u00e3o pol\u00edtico e administrativo, de car\u00e1ter deliberativo ,\u00a0 normativo, consultivo, fiscalizador, acerca dos temas que forem\u00a0de sua compet\u00eancia. O Conselho Municipal de Educa\u00e7\u00e3o \u00e9 um mecanismo de media\u00e7\u00e3o entre a sociedade [&hellip;]<\/p>\n","protected":false},"author":1,"featured_media":0,"parent":0,"menu_order":0,"comment_status":"open","ping_status":"open","template":"","meta":{"footnotes":""},"_links":{"self":[{"href":"https:\/\/cme.santarosa.rs.gov.br\/index.php?rest_route=\/wp\/v2\/pages\/4"}],"collection":[{"href":"https:\/\/cme.santarosa.rs.gov.br\/index.php?rest_route=\/wp\/v2\/pages"}],"about":[{"href":"https:\/\/cme.santarosa.rs.gov.br\/index.php?rest_route=\/wp\/v2\/types\/page"}],"author":[{"embeddable":true,"href":"https:\/\/cme.santarosa.rs.gov.br\/index.php?rest_route=\/wp\/v2\/users\/1"}],"replies":[{"embeddable":true,"href":"https:\/\/cme.santarosa.rs.gov.br\/index.php?rest_route=%2Fwp%2Fv2%2Fcomments&post=4"}],"version-history":[{"count":14,"href":"https:\/\/cme.santarosa.rs.gov.br\/index.php?rest_route=\/wp\/v2\/pages\/4\/revisions"}],"predecessor-version":[{"id":3476,"href":"https:\/\/cme.santarosa.rs.gov.br\/index.php?rest_route=\/wp\/v2\/pages\/4\/revisions\/3476"}],"wp:attachment":[{"href":"https:\/\/cme.santarosa.rs.gov.br\/index.php?rest_route=%2Fwp%2Fv2%2Fmedia&parent=4"}],"curies":[{"name":"wp","href":"https:\/\/api.w.org\/{rel}","templated":true}]}}