{"id":17,"date":"2010-11-01T17:41:39","date_gmt":"2010-11-01T17:41:39","guid":{"rendered":"http:\/\/cme.santarosa.rs.gov.br\/?page_id=17"},"modified":"2025-08-18T12:35:03","modified_gmt":"2025-08-18T12:35:03","slug":"contato","status":"publish","type":"page","link":"https:\/\/cme.santarosa.rs.gov.br\/?page_id=17","title":{"rendered":"Contato"},"content":{"rendered":"<p style=\"text-align: center;\"><strong>Endere\u00e7o para contato:\u00a0<\/strong><\/p>\n<p style=\"text-align: center;\">Rua Santa Rosa, 132 Centro, Santa Rosa \u2013 RS,<\/p>\n<p style=\"text-align: center;\">Cep: 98780-319 &#8211; junto ao pr\u00e9dio do col\u00e9gio &#8220;Liminha&#8221;<\/p>\n<p style=\"text-align: center;\"><strong>Telefone-\u00a0<\/strong><strong>(55) 3511 &#8211;<span style=\"color: #999999;\" data-darkreader-inline-color=\"\">5128<\/span><\/strong><\/p>\n<p style=\"text-align: center;\">Email: &#8211; \u00a0 \u00a0 \u00a0<span style=\"text-decoration: underline;\"><strong>cmesrosa@hotmail.com<\/strong><\/span><\/p>\n<div data-darkreader-inline-color=\"\" data-darkreader-inline-bgcolor=\"\"><\/div>\n<div data-darkreader-inline-color=\"\" data-darkreader-inline-bgcolor=\"\">\n<hr \/>\n<\/div>\n<p style=\"text-align: center;\">Site:<\/p>\n<hr \/>\n<p style=\"text-align: center;\">\n<blockquote class=\"wp-embedded-content\" data-secret=\"HJjW3ugiv2\"><p><a href=\"https:\/\/cme.santarosa.rs.gov.br\/\">Apresenta\u00e7\u00e3o<\/a><\/p><\/blockquote>\n<p><iframe class=\"wp-embedded-content\" sandbox=\"allow-scripts\" security=\"restricted\" style=\"position: absolute; clip: rect(1px, 1px, 1px, 1px);\" title=\"&#8220;Apresenta\u00e7\u00e3o&#8221; &#8212; Conselho Municipal de Educa\u00e7\u00e3o\" src=\"https:\/\/cme.santarosa.rs.gov.br\/?embed=true#?secret=x6Cx1fMGEG#?secret=HJjW3ugiv2\" data-secret=\"HJjW3ugiv2\" width=\"500\" height=\"282\" frameborder=\"0\" marginwidth=\"0\" marginheight=\"0\" scrolling=\"no\"><\/iframe><\/p>\n","protected":false},"excerpt":{"rendered":"<p>Endere\u00e7o para contato:\u00a0 Rua Santa Rosa, 132 Centro, Santa Rosa \u2013 RS, Cep: 98780-319 &#8211; junto ao pr\u00e9dio do col\u00e9gio &#8220;Liminha&#8221; Telefone-\u00a0(55) 3511 &#8211;5128 Email: &#8211; \u00a0 \u00a0 \u00a0cmesrosa@hotmail.com Site: Apresenta\u00e7\u00e3o<\/p>\n","protected":false},"author":1,"featured_media":0,"parent":0,"menu_order":2,"comment_status":"closed","ping_status":"open","template":"","meta":{"footnotes":""},"_links":{"self":[{"href":"https:\/\/cme.santarosa.rs.gov.br\/index.php?rest_route=\/wp\/v2\/pages\/17"}],"collection":[{"href":"https:\/\/cme.santarosa.rs.gov.br\/index.php?rest_route=\/wp\/v2\/pages"}],"about":[{"href":"https:\/\/cme.santarosa.rs.gov.br\/index.php?rest_route=\/wp\/v2\/types\/page"}],"author":[{"embeddable":true,"href":"https:\/\/cme.santarosa.rs.gov.br\/index.php?rest_route=\/wp\/v2\/users\/1"}],"replies":[{"embeddable":true,"href":"https:\/\/cme.santarosa.rs.gov.br\/index.php?rest_route=%2Fwp%2Fv2%2Fcomments&post=17"}],"version-history":[{"count":18,"href":"https:\/\/cme.santarosa.rs.gov.br\/index.php?rest_route=\/wp\/v2\/pages\/17\/revisions"}],"predecessor-version":[{"id":3400,"href":"https:\/\/cme.santarosa.rs.gov.br\/index.php?rest_route=\/wp\/v2\/pages\/17\/revisions\/3400"}],"wp:attachment":[{"href":"https:\/\/cme.santarosa.rs.gov.br\/index.php?rest_route=%2Fwp%2Fv2%2Fmedia&parent=17"}],"curies":[{"name":"wp","href":"https:\/\/api.w.org\/{rel}","templated":true}]}}